{"id":1617,"date":"2024-10-09T18:38:45","date_gmt":"2024-10-09T17:38:45","guid":{"rendered":"https:\/\/rakedlines.com\/?page_id=1617"},"modified":"2024-10-14T10:38:33","modified_gmt":"2024-10-14T09:38:33","slug":"impressum","status":"publish","type":"page","link":"https:\/\/rakedlines.com\/en\/impressum\/","title":{"rendered":"Impressum"},"content":{"rendered":"<div data-elementor-type=\"wp-page\" data-elementor-id=\"1617\" class=\"elementor elementor-1617\">\n\t\t\t\t<div class=\"elementor-element elementor-element-88580f3 e-flex e-con-boxed wpr-particle-no wpr-jarallax-no wpr-parallax-no wpr-sticky-section-no wpr-equal-height-no e-con e-parent\" data-id=\"88580f3\" data-element_type=\"container\" data-e-type=\"container\" data-no-translation=\"\">\n\t\t\t\t\t<div class=\"e-con-inner\">\n\t\t\t\t<div class=\"elementor-element elementor-element-99a62a7 elementor-widget elementor-widget-text-editor\" data-id=\"99a62a7\" data-element_type=\"widget\" data-e-type=\"widget\" data-widget_type=\"text-editor.default\">\n\t\t\t\t<div class=\"elementor-widget-container\">\n\t\t\t\t\t\t\t\t\t<h2>Impressum<\/h2><p><strong>Name<\/strong>: T\u00edmea Zs\u00f3k egy\u00e9ni v\u00e1llalkoz\u00f3<br \/><strong>Trade Name<\/strong>: Raked Lines<br \/><strong>Address<\/strong>: 1013 Budapest, Attila \u00fat 59\/A 3.em 4.a<br \/><strong>Registration Number<\/strong>: 58764680<br \/><strong>Tax Number<\/strong>: 48659293-1-41<br \/><strong>Contact Email<\/strong>: <a rel=\"noopener\">info@rakedlines.com<\/a><br \/><strong>Contact Phone Number<\/strong>: +36 70 274 1117<br \/><strong>Responsible Manager<\/strong>: T\u00edmea Zs\u00f3k egy\u00e9ni v\u00e1llalkoz\u00f3<\/p><p>\u00a0<\/p><h3>Hosting Provider<\/h3><p><strong>Hosting Provider&#8217;s Name<\/strong>: Hosterion SRL<br \/><strong>Hosting Provider&#8217;s Address<\/strong>: 400357 Cluj-Napoca, Romania, 49F Eugen Ionesco Street<br \/><strong>Hosting Provider&#8217;s Email<\/strong>: <a rel=\"noopener\">support@hosterion.ro<\/a><br \/><strong>Hosting Provider&#8217;s Phone Number<\/strong>: +40 364 566 777<br \/><strong>Website<\/strong>: <a href=\"http:\/\/www.hosterion.com\" target=\"_new\" rel=\"noopener\">www.hosterion.com<\/a><\/p>\t\t\t\t\t\t\t\t<\/div>\n\t\t\t\t<\/div>\n\t\t\t\t\t<\/div>\n\t\t\t\t<\/div>\n\t\t\t\t<\/div>","protected":false},"excerpt":{"rendered":"<p>Impressum Name: T\u00edmea Zs\u00f3k egy\u00e9ni v\u00e1llalkoz\u00f3Trade Name: Raked LinesAddress: 1013 Budapest, Attila \u00fat 59\/A 3.em 4.aRegistration Number: 58764680Tax Number: 48659293-1-41Contact&#8230;<\/p>","protected":false},"author":1,"featured_media":0,"parent":0,"menu_order":0,"comment_status":"closed","ping_status":"closed","template":"","meta":{"footnotes":""},"class_list":["post-1617","page","type-page","status-publish","hentry"],"aioseo_notices":[],"post-meta":{"_edit_lock":["1728898755:1"],"_edit_last":["1"],"_aioseo_title":[null],"_aioseo_description":[null],"_aioseo_keywords":["a:0:{}"],"_aioseo_og_title":[null],"_aioseo_og_description":[null],"_aioseo_og_article_section":[""],"_aioseo_og_article_tags":["a:0:{}"],"_aioseo_twitter_title":[null],"_aioseo_twitter_description":[null],"site-container":["default"],"site-header-transparent":["default"],"site-page-header":["default"],"site-sidebar":["default"],"_elementor_edit_mode":["builder"],"_elementor_template_type":["wp-page"],"_elementor_version":["3.24.6"],"_wp_page_template":["default"],"_elementor_page_settings":["a:1:{s:18:\"eael_ext_toc_title\";s:17:\"Table of Contents\";}"],"_elementor_data":["[{\"id\":\"88580f3\",\"elType\":\"container\",\"settings\":{\"margin\":{\"unit\":\"px\",\"top\":\"50\",\"right\":\"0\",\"bottom\":\"70\",\"left\":\"0\",\"isLinked\":false},\"trp_language_restriction\":\"yes\",\"trp_restricted_languages\":\"en_US\",\"trp_excluded_languages\":[]},\"elements\":[{\"id\":\"99a62a7\",\"elType\":\"widget\",\"settings\":{\"content_width\":\"full\",\"editor\":\"<h2>Impressum<\\\/h2><p><strong>Name<\\\/strong>: T\\u00edmea Zs\\u00f3k egy\\u00e9ni v\\u00e1llalkoz\\u00f3<br \\\/><strong>Trade Name<\\\/strong>: Raked Lines<br \\\/><strong>Address<\\\/strong>: 1013 Budapest, Attila \\u00fat 59\\\/A 3.em 4.a<br \\\/><strong>Registration Number<\\\/strong>: 58764680<br \\\/><strong>Tax Number<\\\/strong>: 48659293-1-41<br \\\/><strong>Contact Email<\\\/strong>: <a rel=\\\"noopener\\\">info@rakedlines.com<\\\/a><br \\\/><strong>Contact Phone Number<\\\/strong>: +36 70 274 1117<br \\\/><strong>Responsible Manager<\\\/strong>: T\\u00edmea Zs\\u00f3k egy\\u00e9ni v\\u00e1llalkoz\\u00f3<\\\/p><p>\\u00a0<\\\/p><h3>Hosting Provider<\\\/h3><p><strong>Hosting Provider's Name<\\\/strong>: Hosterion SRL<br \\\/><strong>Hosting Provider's Address<\\\/strong>: 400357 Cluj-Napoca, Romania, 49F Eugen Ionesco Street<br \\\/><strong>Hosting Provider's Email<\\\/strong>: <a rel=\\\"noopener\\\">support@hosterion.ro<\\\/a><br \\\/><strong>Hosting Provider's Phone Number<\\\/strong>: +40 364 566 777<br \\\/><strong>Website<\\\/strong>: <a href=\\\"http:\\\/\\\/www.hosterion.com\\\" target=\\\"_new\\\" rel=\\\"noopener\\\">www.hosterion.com<\\\/a><\\\/p>\"},\"elements\":[],\"widgetType\":\"text-editor\"}],\"isInner\":false},{\"id\":\"e0b5732\",\"elType\":\"container\",\"settings\":{\"margin\":{\"unit\":\"px\",\"top\":\"05\",\"right\":\"0\",\"bottom\":\"70\",\"left\":\"0\",\"isLinked\":false},\"trp_language_restriction\":\"yes\",\"trp_restricted_languages\":\"hu_HU\"},\"elements\":[{\"id\":\"0c76fe4\",\"elType\":\"widget\",\"settings\":{\"content_width\":\"full\",\"editor\":\"<h3>Impresszum<\\\/h3><p><strong>N\\u00e9v<\\\/strong>: T\\u00edmea Zs\\u00f3k egy\\u00e9ni v\\u00e1llalkoz\\u00f3<br \\\/><strong>Fant\\u00e1zian\\u00e9v<\\\/strong>: Raked Lines<br \\\/><strong>Sz\\u00e9khely<\\\/strong>: 1013 Budapest, Attila \\u00fat 59\\\/A 3.em 4.a<br \\\/><strong>Nyilv\\u00e1ntart\\u00e1si sz\\u00e1m<\\\/strong>: 58764680<br \\\/><strong>Ad\\u00f3sz\\u00e1m<\\\/strong>: 48659293-1-41<br \\\/><strong>Kapcsolattart\\u00e1sra szolg\\u00e1l\\u00f3 e-mail c\\u00edm<\\\/strong>: info@rakedlines.com<br \\\/><strong>Kapcsolattart\\u00f3 telefonsz\\u00e1m<\\\/strong>: +36 70 274 1117<br \\\/><strong>Felel\\u0151s vezet\\u0151<\\\/strong>: T\\u00edmea Zs\\u00f3k , egy\\u00e9ni v\\u00e1llalkoz\\u00f3<\\\/p><h2>\\u00a0<\\\/h2><h3>T\\u00e1rhelyszolg\\u00e1ltat\\u00f3<\\\/h3><p><strong>T\\u00e1rhelyszolg\\u00e1ltat\\u00f3 neve<\\\/strong>: Hosterion SRL<br \\\/><strong>T\\u00e1rhelyszolg\\u00e1ltat\\u00f3 c\\u00edme<\\\/strong>: 400357 Kolozsv\\u00e1r, Rom\\u00e1nia, Eugen Ionesco utca 49F<br \\\/><strong>T\\u00e1rhelyszolg\\u00e1ltat\\u00f3 e-mail c\\u00edme<\\\/strong>: support@hosterion.ro<br \\\/><strong>T\\u00e1rhelyszolg\\u00e1ltat\\u00f3 telefonsz\\u00e1ma<\\\/strong>: +40 364 566 777<br \\\/><strong>Weboldal<\\\/strong>: <a href=\\\"http:\\\/\\\/www.hosterion.com\\\">www.hosterion.com<\\\/a><\\\/p>\"},\"elements\":[],\"widgetType\":\"text-editor\"}],\"isInner\":false}]"],"_eael_custom_js":[""],"rank_math_news_sitemap_robots":["index"],"rank_math_robots":["a:1:{i:0;s:5:\"index\";}"],"rank_math_internal_links_processed":["1"],"_eael_post_view_count":["356"],"surerank_seo_checks":["a:14:{s:14:\"h2_subheadings\";a:3:{s:6:\"status\";s:7:\"success\";s:7:\"message\";s:38:\"Page contains at least one subheading.\";s:4:\"type\";s:4:\"page\";}s:13:\"media_present\";a:3:{s:6:\"status\";s:7:\"warning\";s:7:\"message\";s:39:\"No images or videos found on this page.\";s:4:\"type\";s:4:\"page\";}s:13:\"links_present\";a:3:{s:6:\"status\";s:7:\"success\";s:7:\"message\";s:30:\"Links are present on the page.\";s:4:\"type\";s:4:\"page\";}s:10:\"url_length\";a:3:{s:6:\"status\";s:7:\"success\";s:7:\"message\";s:35:\"Page URL is short and SEO-friendly.\";s:4:\"type\";s:4:\"page\";}s:19:\"search_engine_title\";a:3:{s:6:\"status\";s:7:\"success\";s:7:\"message\";s:55:\"Search engine title is present and under 60 characters.\";s:4:\"type\";s:4:\"page\";}s:25:\"search_engine_description\";a:3:{s:6:\"status\";s:7:\"success\";s:7:\"message\";s:62:\"Search engine description is present and under 160 characters.\";s:4:\"type\";s:4:\"page\";}s:13:\"canonical_url\";a:3:{s:6:\"status\";s:7:\"success\";s:7:\"message\";s:37:\"Canonical tag is present on the page.\";s:4:\"type\";s:4:\"page\";}s:9:\"all_links\";a:1:{i:0;s:24:\"http:\/\/www.hosterion.com\";}s:15:\"open_graph_tags\";a:3:{s:6:\"status\";s:7:\"success\";s:7:\"message\";s:40:\"Open Graph tags are present on the page.\";s:4:\"type\";s:4:\"page\";}s:16:\"keyword_in_title\";a:3:{s:6:\"status\";s:10:\"suggestion\";s:7:\"message\";s:38:\"No focus keyword set to analyze title.\";s:4:\"type\";s:7:\"keyword\";}s:22:\"keyword_in_description\";a:3:{s:6:\"status\";s:10:\"suggestion\";s:7:\"message\";s:49:\"No focus keyword set to analyze meta description.\";s:4:\"type\";s:7:\"keyword\";}s:14:\"keyword_in_url\";a:3:{s:6:\"status\";s:10:\"suggestion\";s:7:\"message\";s:36:\"No focus keyword set to analyze URL.\";s:4:\"type\";s:7:\"keyword\";}s:18:\"keyword_in_content\";a:3:{s:6:\"status\";s:10:\"suggestion\";s:7:\"message\";s:40:\"No focus keyword set to analyze content.\";s:4:\"type\";s:7:\"keyword\";}s:12:\"broken_links\";a:2:{s:6:\"status\";s:7:\"success\";s:7:\"message\";s:34:\"No broken links found on the page.\";}}"],"surerank_seo_checks_last_updated":["1777103860"],"_elementor_page_assets":["a:1:{s:7:\"scripts\";a:1:{i:0;s:18:\"elementor-frontend\";}}"],"_elementor_css":["a:6:{s:4:\"time\";i:1777535754;s:5:\"fonts\";a:0:{}s:5:\"icons\";a:0:{}s:20:\"dynamic_elements_ids\";a:0:{}s:6:\"status\";s:4:\"file\";i:0;s:0:\"\";}"],"_elementor_element_cache":["{\"timeout\":1778799704,\"value\":{\"content\":\"[elementor-element k=\\\"04190a870e689a9dc64fc4b7ca3462a1\\\" data=\\\"eyJpZCI6Ijg4NTgwZjMiLCJlbFR5cGUiOiJjb250YWluZXIiLCJzZXR0aW5ncyI6eyJtYXJnaW4iOnsidW5pdCI6InB4IiwidG9wIjoiNTAiLCJyaWdodCI6IjAiLCJib3R0b20iOiI3MCIsImxlZnQiOiIwIiwiaXNMaW5rZWQiOmZhbHNlfSwidHJwX2xhbmd1YWdlX3Jlc3RyaWN0aW9uIjoieWVzIiwidHJwX3Jlc3RyaWN0ZWRfbGFuZ3VhZ2VzIjoiZW5fVVMiLCJ0cnBfZXhjbHVkZWRfbGFuZ3VhZ2VzIjpbXX0sImVsZW1lbnRzIjpbeyJpZCI6Ijk5YTYyYTciLCJlbFR5cGUiOiJ3aWRnZXQiLCJzZXR0aW5ncyI6eyJjb250ZW50X3dpZHRoIjoiZnVsbCIsImVkaXRvciI6IjxoMj5JbXByZXNzdW08XC9oMj48cD48c3Ryb25nPk5hbWU8XC9zdHJvbmc+OiBUXHUwMGVkbWVhIFpzXHUwMGYzayBlZ3lcdTAwZTluaSB2XHUwMGUxbGxhbGtvelx1MDBmMzxiciBcLz48c3Ryb25nPlRyYWRlIE5hbWU8XC9zdHJvbmc+OiBSYWtlZCBMaW5lczxiciBcLz48c3Ryb25nPkFkZHJlc3M8XC9zdHJvbmc+OiAxMDEzIEJ1ZGFwZXN0LCBBdHRpbGEgXHUwMGZhdCA1OVwvQSAzLmVtIDQuYTxiciBcLz48c3Ryb25nPlJlZ2lzdHJhdGlvbiBOdW1iZXI8XC9zdHJvbmc+OiA1ODc2NDY4MDxiciBcLz48c3Ryb25nPlRheCBOdW1iZXI8XC9zdHJvbmc+OiA0ODY1OTI5My0xLTQxPGJyIFwvPjxzdHJvbmc+Q29udGFjdCBFbWFpbDxcL3N0cm9uZz46IDxhIHJlbD1cIm5vb3BlbmVyXCI+aW5mb0ByYWtlZGxpbmVzLmNvbTxcL2E+PGJyIFwvPjxzdHJvbmc+Q29udGFjdCBQaG9uZSBOdW1iZXI8XC9zdHJvbmc+OiArMzYgNzAgMjc0IDExMTc8YnIgXC8+PHN0cm9uZz5SZXNwb25zaWJsZSBNYW5hZ2VyPFwvc3Ryb25nPjogVFx1MDBlZG1lYSBac1x1MDBmM2sgZWd5XHUwMGU5bmkgdlx1MDBlMWxsYWxrb3pcdTAwZjM8XC9wPjxwPlx1MDBhMDxcL3A+PGgzPkhvc3RpbmcgUHJvdmlkZXI8XC9oMz48cD48c3Ryb25nPkhvc3RpbmcgUHJvdmlkZXIncyBOYW1lPFwvc3Ryb25nPjogSG9zdGVyaW9uIFNSTDxiciBcLz48c3Ryb25nPkhvc3RpbmcgUHJvdmlkZXIncyBBZGRyZXNzPFwvc3Ryb25nPjogNDAwMzU3IENsdWotTmFwb2NhLCBSb21hbmlhLCA0OUYgRXVnZW4gSW9uZXNjbyBTdHJlZXQ8YnIgXC8+PHN0cm9uZz5Ib3N0aW5nIFByb3ZpZGVyJ3MgRW1haWw8XC9zdHJvbmc+OiA8YSByZWw9XCJub29wZW5lclwiPnN1cHBvcnRAaG9zdGVyaW9uLnJvPFwvYT48YnIgXC8+PHN0cm9uZz5Ib3N0aW5nIFByb3ZpZGVyJ3MgUGhvbmUgTnVtYmVyPFwvc3Ryb25nPjogKzQwIDM2NCA1NjYgNzc3PGJyIFwvPjxzdHJvbmc+V2Vic2l0ZTxcL3N0cm9uZz46IDxhIGhyZWY9XCJodHRwOlwvXC93d3cuaG9zdGVyaW9uLmNvbVwiIHRhcmdldD1cIl9uZXdcIiByZWw9XCJub29wZW5lclwiPnd3dy5ob3N0ZXJpb24uY29tPFwvYT48XC9wPiJ9LCJlbGVtZW50cyI6W10sIndpZGdldFR5cGUiOiJ0ZXh0LWVkaXRvciJ9XSwiaXNJbm5lciI6ZmFsc2V9\\\"][elementor-element k=\\\"04190a870e689a9dc64fc4b7ca3462a1\\\" data=\\\"eyJpZCI6ImUwYjU3MzIiLCJlbFR5cGUiOiJjb250YWluZXIiLCJzZXR0aW5ncyI6eyJtYXJnaW4iOnsidW5pdCI6InB4IiwidG9wIjoiMDUiLCJyaWdodCI6IjAiLCJib3R0b20iOiI3MCIsImxlZnQiOiIwIiwiaXNMaW5rZWQiOmZhbHNlfSwidHJwX2xhbmd1YWdlX3Jlc3RyaWN0aW9uIjoieWVzIiwidHJwX3Jlc3RyaWN0ZWRfbGFuZ3VhZ2VzIjoiaHVfSFUifSwiZWxlbWVudHMiOlt7ImlkIjoiMGM3NmZlNCIsImVsVHlwZSI6IndpZGdldCIsInNldHRpbmdzIjp7ImNvbnRlbnRfd2lkdGgiOiJmdWxsIiwiZWRpdG9yIjoiPGgzPkltcHJlc3N6dW08XC9oMz48cD48c3Ryb25nPk5cdTAwZTl2PFwvc3Ryb25nPjogVFx1MDBlZG1lYSBac1x1MDBmM2sgZWd5XHUwMGU5bmkgdlx1MDBlMWxsYWxrb3pcdTAwZjM8YnIgXC8+PHN0cm9uZz5GYW50XHUwMGUxemlhblx1MDBlOXY8XC9zdHJvbmc+OiBSYWtlZCBMaW5lczxiciBcLz48c3Ryb25nPlN6XHUwMGU5a2hlbHk8XC9zdHJvbmc+OiAxMDEzIEJ1ZGFwZXN0LCBBdHRpbGEgXHUwMGZhdCA1OVwvQSAzLmVtIDQuYTxiciBcLz48c3Ryb25nPk55aWx2XHUwMGUxbnRhcnRcdTAwZTFzaSBzelx1MDBlMW08XC9zdHJvbmc+OiA1ODc2NDY4MDxiciBcLz48c3Ryb25nPkFkXHUwMGYzc3pcdTAwZTFtPFwvc3Ryb25nPjogNDg2NTkyOTMtMS00MTxiciBcLz48c3Ryb25nPkthcGNzb2xhdHRhcnRcdTAwZTFzcmEgc3pvbGdcdTAwZTFsXHUwMGYzIGUtbWFpbCBjXHUwMGVkbTxcL3N0cm9uZz46IGluZm9AcmFrZWRsaW5lcy5jb208YnIgXC8+PHN0cm9uZz5LYXBjc29sYXR0YXJ0XHUwMGYzIHRlbGVmb25zelx1MDBlMW08XC9zdHJvbmc+OiArMzYgNzAgMjc0IDExMTc8YnIgXC8+PHN0cm9uZz5GZWxlbFx1MDE1MXMgdmV6ZXRcdTAxNTE8XC9zdHJvbmc+OiBUXHUwMGVkbWVhIFpzXHUwMGYzayAsIGVneVx1MDBlOW5pIHZcdTAwZTFsbGFsa296XHUwMGYzPFwvcD48aDI+XHUwMGEwPFwvaDI+PGgzPlRcdTAwZTFyaGVseXN6b2xnXHUwMGUxbHRhdFx1MDBmMzxcL2gzPjxwPjxzdHJvbmc+VFx1MDBlMXJoZWx5c3pvbGdcdTAwZTFsdGF0XHUwMGYzIG5ldmU8XC9zdHJvbmc+OiBIb3N0ZXJpb24gU1JMPGJyIFwvPjxzdHJvbmc+VFx1MDBlMXJoZWx5c3pvbGdcdTAwZTFsdGF0XHUwMGYzIGNcdTAwZWRtZTxcL3N0cm9uZz46IDQwMDM1NyBLb2xvenN2XHUwMGUxciwgUm9tXHUwMGUxbmlhLCBFdWdlbiBJb25lc2NvIHV0Y2EgNDlGPGJyIFwvPjxzdHJvbmc+VFx1MDBlMXJoZWx5c3pvbGdcdTAwZTFsdGF0XHUwMGYzIGUtbWFpbCBjXHUwMGVkbWU8XC9zdHJvbmc+OiBzdXBwb3J0QGhvc3Rlcmlvbi5ybzxiciBcLz48c3Ryb25nPlRcdTAwZTFyaGVseXN6b2xnXHUwMGUxbHRhdFx1MDBmMyB0ZWxlZm9uc3pcdTAwZTFtYTxcL3N0cm9uZz46ICs0MCAzNjQgNTY2IDc3NzxiciBcLz48c3Ryb25nPldlYm9sZGFsPFwvc3Ryb25nPjogPGEgaHJlZj1cImh0dHA6XC9cL3d3dy5ob3N0ZXJpb24uY29tXCI+d3d3Lmhvc3Rlcmlvbi5jb208XC9hPjxcL3A+In0sImVsZW1lbnRzIjpbXSwid2lkZ2V0VHlwZSI6InRleHQtZWRpdG9yIn1dLCJpc0lubmVyIjpmYWxzZX0=\\\"]\",\"scripts\":[],\"styles\":[]}}"]},"_links":{"self":[{"href":"https:\/\/rakedlines.com\/en\/wp-json\/wp\/v2\/pages\/1617","targetHints":{"allow":["GET"]}}],"collection":[{"href":"https:\/\/rakedlines.com\/en\/wp-json\/wp\/v2\/pages"}],"about":[{"href":"https:\/\/rakedlines.com\/en\/wp-json\/wp\/v2\/types\/page"}],"author":[{"embeddable":true,"href":"https:\/\/rakedlines.com\/en\/wp-json\/wp\/v2\/users\/1"}],"replies":[{"embeddable":true,"href":"https:\/\/rakedlines.com\/en\/wp-json\/wp\/v2\/comments?post=1617"}],"version-history":[{"count":26,"href":"https:\/\/rakedlines.com\/en\/wp-json\/wp\/v2\/pages\/1617\/revisions"}],"predecessor-version":[{"id":1886,"href":"https:\/\/rakedlines.com\/en\/wp-json\/wp\/v2\/pages\/1617\/revisions\/1886"}],"wp:attachment":[{"href":"https:\/\/rakedlines.com\/en\/wp-json\/wp\/v2\/media?parent=1617"}],"curies":[{"name":"wp","href":"https:\/\/api.w.org\/{rel}","templated":true}]}}